{"id":101,"date":"2019-12-14T11:43:19","date_gmt":"2019-12-14T11:43:19","guid":{"rendered":"http:\/\/sap.praxis-seuling.de\/?page_id=101"},"modified":"2023-01-10T17:28:50","modified_gmt":"2023-01-10T17:28:50","slug":"einladungen","status":"publish","type":"page","link":"https:\/\/www.sunday-afternoon-project.de\/?page_id=101","title":{"rendered":"Einladungen"},"content":{"rendered":"\n<h2 class=\"wp-block-heading\">Sie wollen uns h\u00f6ren?<\/h2>\n\n\n\n<p>Wenn Sie es nicht dem Zufall \u00fcberlassen wollen, uns nur im Sommer zuf\u00e4llig zum Sonnenuntergang auf der Bamberger Kettenbr\u00fccke oder der Schleuse 100 zu begegnen, dann nehmen Sie gerne per Email mit uns Kontakt auf.<\/p>\n\n\n\n<p>Wir stellen uns auf Ihre W\u00fcnsche ein &#8211; von H\u00e4ndel \u00fcber Piazzolla bis Metallica &#8211; Fragen Sie einfach&#8230;<\/p>\n\n\n\n<p>Wir freuen uns auf Ihre Anfragen, auf musikalische Begegnungen und Herausforderungen.<\/p>\n\n\n<p><!--StartFragment--><\/p>\n<p><!--EndFragment--><\/p>\n\n\n<p>Mail einfach an Hermann und Matthias unter <a href=\"mailto:sunday-afternoon@web.de\">sunday-afternoon@web.de<\/a><\/p>\n","protected":false},"excerpt":{"rendered":"<p>Sie wollen uns h\u00f6ren? Wenn Sie es nicht dem Zufall \u00fcberlassen wollen, uns nur im Sommer zuf\u00e4llig zum Sonnenuntergang auf der Bamberger Kettenbr\u00fccke oder der Schleuse 100 zu begegnen, dann nehmen Sie gerne per Email mit uns Kontakt auf. Wir stellen uns auf Ihre W\u00fcnsche ein &#8211; von H\u00e4ndel \u00fcber Piazzolla bis Metallica &#8211; Fragen &hellip; <\/p>\n<p class=\"link-more\"><a href=\"https:\/\/www.sunday-afternoon-project.de\/?page_id=101\" class=\"more-link\"><span class=\"screen-reader-text\">\u201eEinladungen\u201c<\/span> weiterlesen<\/a><\/p>\n","protected":false},"author":1,"featured_media":141,"parent":0,"menu_order":0,"comment_status":"closed","ping_status":"closed","template":"","meta":{"footnotes":""},"class_list":["post-101","page","type-page","status-publish","has-post-thumbnail","hentry"],"_links":{"self":[{"href":"https:\/\/www.sunday-afternoon-project.de\/index.php?rest_route=\/wp\/v2\/pages\/101","targetHints":{"allow":["GET"]}}],"collection":[{"href":"https:\/\/www.sunday-afternoon-project.de\/index.php?rest_route=\/wp\/v2\/pages"}],"about":[{"href":"https:\/\/www.sunday-afternoon-project.de\/index.php?rest_route=\/wp\/v2\/types\/page"}],"author":[{"embeddable":true,"href":"https:\/\/www.sunday-afternoon-project.de\/index.php?rest_route=\/wp\/v2\/users\/1"}],"replies":[{"embeddable":true,"href":"https:\/\/www.sunday-afternoon-project.de\/index.php?rest_route=%2Fwp%2Fv2%2Fcomments&post=101"}],"version-history":[{"count":6,"href":"https:\/\/www.sunday-afternoon-project.de\/index.php?rest_route=\/wp\/v2\/pages\/101\/revisions"}],"predecessor-version":[{"id":215,"href":"https:\/\/www.sunday-afternoon-project.de\/index.php?rest_route=\/wp\/v2\/pages\/101\/revisions\/215"}],"wp:featuredmedia":[{"embeddable":true,"href":"https:\/\/www.sunday-afternoon-project.de\/index.php?rest_route=\/wp\/v2\/media\/141"}],"wp:attachment":[{"href":"https:\/\/www.sunday-afternoon-project.de\/index.php?rest_route=%2Fwp%2Fv2%2Fmedia&parent=101"}],"curies":[{"name":"wp","href":"https:\/\/api.w.org\/{rel}","templated":true}]}}