{"id":15,"date":"2019-12-12T19:47:04","date_gmt":"2019-12-12T19:47:04","guid":{"rendered":"http:\/\/sap.praxis-seuling.de\/?page_id=15"},"modified":"2019-12-17T19:41:46","modified_gmt":"2019-12-17T19:41:46","slug":"ueber-uns","status":"publish","type":"page","link":"https:\/\/www.sunday-afternoon-project.de\/","title":{"rendered":"\u00dcber uns"},"content":{"rendered":"\n<p>Das Bamberger Gitarrenduo mit Matthias Seuling und Hermann Sch\u00e4fer lernte sich bereits 1997 kennen und musiziert immer wieder zumeist am Wochenende, so kam es zu dem Namen. Daneben gingen und gehen beide eigene musikalische Wege \u00fcber Klassik, Rock, Jazz, Folk und Blues in unterschiedlichen Formationen.<\/p>\n\n\n\n<p>Sunday Afternoon bietet ein vielfarbiges Repertoire, das ausschlie\u00dflich auf akustischen Gitarren, gegebenenfalls verst\u00e4rkt, erklingt.<\/p>\n\n\n\n<p>Ihre Spielfreude schafft in oft groovigen, aber auch in ruhigeren lateinamerikanischen und jazzigen Arrangements die passende &#8211; anregende oder auch entspannende &#8211; Atmosph\u00e4re zum Zur\u00fccklehnen und Zuh\u00f6ren.<\/p>\n\n\n\n<p>F\u00fcr unterschiedlichste Anl\u00e4sse, ob effektvoll, konzertant, als musikalische Begleitung oder als klangvolle Hintergrundgestaltung, bieten wir ein Ihrem Rahmen angemessenes breitgef\u00e4chertes Programm.<\/p>\n\n\n\n<p class=\"has-medium-font-size\">LAY BACK, LISTEN AND ENJOY!<\/p>\n","protected":false},"excerpt":{"rendered":"<p>Das Bamberger Gitarrenduo mit Matthias Seuling und Hermann Sch\u00e4fer lernte sich bereits 1997 kennen und musiziert immer wieder zumeist am Wochenende, so kam es zu dem Namen. Daneben gingen und gehen beide eigene musikalische Wege \u00fcber Klassik, Rock, Jazz, Folk und Blues in unterschiedlichen Formationen. Sunday Afternoon bietet ein vielfarbiges Repertoire, das ausschlie\u00dflich auf akustischen &hellip; <\/p>\n<p class=\"link-more\"><a href=\"https:\/\/www.sunday-afternoon-project.de\/\" class=\"more-link\"><span class=\"screen-reader-text\">\u201e\u00dcber uns\u201c<\/span> weiterlesen<\/a><\/p>\n","protected":false},"author":1,"featured_media":0,"parent":0,"menu_order":0,"comment_status":"closed","ping_status":"closed","template":"","meta":{"footnotes":""},"class_list":["post-15","page","type-page","status-publish","hentry"],"_links":{"self":[{"href":"https:\/\/www.sunday-afternoon-project.de\/index.php?rest_route=\/wp\/v2\/pages\/15","targetHints":{"allow":["GET"]}}],"collection":[{"href":"https:\/\/www.sunday-afternoon-project.de\/index.php?rest_route=\/wp\/v2\/pages"}],"about":[{"href":"https:\/\/www.sunday-afternoon-project.de\/index.php?rest_route=\/wp\/v2\/types\/page"}],"author":[{"embeddable":true,"href":"https:\/\/www.sunday-afternoon-project.de\/index.php?rest_route=\/wp\/v2\/users\/1"}],"replies":[{"embeddable":true,"href":"https:\/\/www.sunday-afternoon-project.de\/index.php?rest_route=%2Fwp%2Fv2%2Fcomments&post=15"}],"version-history":[{"count":12,"href":"https:\/\/www.sunday-afternoon-project.de\/index.php?rest_route=\/wp\/v2\/pages\/15\/revisions"}],"predecessor-version":[{"id":160,"href":"https:\/\/www.sunday-afternoon-project.de\/index.php?rest_route=\/wp\/v2\/pages\/15\/revisions\/160"}],"wp:attachment":[{"href":"https:\/\/www.sunday-afternoon-project.de\/index.php?rest_route=%2Fwp%2Fv2%2Fmedia&parent=15"}],"curies":[{"name":"wp","href":"https:\/\/api.w.org\/{rel}","templated":true}]}}